{"id":25,"date":"2023-10-29T12:26:16","date_gmt":"2023-10-29T11:26:16","guid":{"rendered":"http:\/\/misspiruqueta.com\/index.php\/home\/"},"modified":"2024-01-21T17:23:05","modified_gmt":"2024-01-21T16:23:05","slug":"home","status":"publish","type":"page","link":"https:\/\/misspiruqueta.com\/","title":{"rendered":"Inicio"},"content":{"rendered":"\t\t<div data-elementor-type=\"wp-page\" data-elementor-id=\"25\" class=\"elementor elementor-25\">\n\t\t\t\t<div class=\"elementor-element elementor-element-174ee30e e-flex e-con-boxed e-con e-parent\" data-id=\"174ee30e\" data-element_type=\"container\">\n\t\t\t\t\t<div class=\"e-con-inner\">\n\t\t\t\t<div class=\"elementor-element elementor-element-411cc85e elementor-widget elementor-widget-text-editor\" data-id=\"411cc85e\" data-element_type=\"widget\" data-widget_type=\"text-editor.default\">\n\t\t\t\t<div class=\"elementor-widget-container\">\n\t\t\t\t\t\t\t\t\t\n\n\n\n\n\n\t\t\t\t\t\t\t\t<\/div>\n\t\t\t\t<\/div>\n\t\t\t\t<div class=\"elementor-element elementor-element-6bd86a0 eael-dual-header-content-align-center elementor-widget elementor-widget-eael-dual-color-header\" data-id=\"6bd86a0\" data-element_type=\"widget\" data-widget_type=\"eael-dual-color-header.default\">\n\t\t\t\t<div class=\"elementor-widget-container\">\n\t\t\t\t\t\t\t\t<div class=\"eael-dual-header\">\n\t\t\t\t<h2 class=\"title eael-dch-title\"><span class=\"eael-dch-title-text eael-dch-title-lead lead solid-color\">cocina disfrutona <\/span> <span class=\"eael-dch-title-text\">miss piruqueta<\/span><\/h2>\t\t\t\t\t<span class=\"subtext\"><p>\u00a1Bienvenidos a mi blog de recetas! Aqu\u00ed encontrar\u00e1s una variedad de recetas deliciosas y f\u00e1ciles de hacer que sin duda te encantar\u00e1n. Desde platos principales hasta postres, hay algo para todos los gustos y preferencias.<br \/><br \/>Si buscas nuevas ideas para tus comidas diarias o para impresionar a tus invitados en una cena especial, est\u00e1s en el lugar adecuado. Mis recetas son sencillas y explicadas paso a paso, lo que las hace perfectas para quienes reci\u00e9n comienzan a cocinar o para aquellos que buscan una manera f\u00e1cil de preparar platos deliciosos.\u00a0<\/p>\n<p>\u00a0<\/p>\n<p>Soy una disfrutona y por eso conozco los mejores sitios de la zona. Si buscas planes en Benidorm, Altea o el Albir, s\u00edgueme en Instagram y no te pierdas mis recomendaciones gastron\u00f3micas.\u00a0<br \/><br \/>Echa un vistazo a mi blog y descubre nuevas formas de disfrutar de la comida. \u00a1No te decepcionar\u00e1!<\/p><\/span>\n\t\t\t\t\t\t\t\t\t<span class=\"eael-dch-svg-icon\"><\/span>\t\t\t\t\t\t\t<\/div>\n\n\t\t\t\t\t\t<\/div>\n\t\t\t\t<\/div>\n\t\t\t\t\t<\/div>\n\t\t\t\t<\/div>\n\t\t<div class=\"elementor-element elementor-element-0edd9d6 e-flex e-con-boxed e-con e-parent\" data-id=\"0edd9d6\" data-element_type=\"container\">\n\t\t\t\t\t<div class=\"e-con-inner\">\n\t\t\t\t<div class=\"elementor-element elementor-element-a3b1d2b elementor-widget elementor-widget-eael-content-ticker\" data-id=\"a3b1d2b\" data-element_type=\"widget\" data-widget_type=\"eael-content-ticker.default\">\n\t\t\t\t<div class=\"elementor-widget-container\">\n\t\t\t\t\t<div class=\"eael-ticker-wrap\" id=\"eael-ticker-wrap-a3b1d2b\"><div class=\"ticker-badge\">\n                    <span>NOVEDADES<\/span>\n                <\/div><div class=\"eael-ticker\">\n                <div class=\"swiper swiper-8 eael-content-ticker swiper-container-a3b1d2b\" data-pagination=\".swiper-pagination-a3b1d2b\" data-arrow-next=\".swiper-button-next-a3b1d2b\" data-arrow-prev=\".swiper-button-prev-a3b1d2b\" data-effect=\"slide\" data-speed=\"400\" data-autoplay=\"2000\" data-loop=\"1\" data-arrows=\"1\">\n                    <div class=\"swiper-wrapper\"><div class=\"swiper-slide\">\n        <div class=\"ticker-content\">\n            <a href=\"https:\/\/misspiruqueta.com\/index.php\/2025\/03\/20\/brownie-de-lotus-receta\/\" class=\"ticker-content-link\">BROWNIE DE LOTUS RECETA<\/a>\n        <\/div>\n    <\/div><div class=\"swiper-slide\">\n        <div class=\"ticker-content\">\n            <a href=\"https:\/\/misspiruqueta.com\/index.php\/2024\/10\/22\/receta-facil-de-bizcocho-de-limon\/\" class=\"ticker-content-link\">Receta f\u00e1cil de Bizcocho de lim\u00f3n<\/a>\n        <\/div>\n    <\/div><div class=\"swiper-slide\">\n        <div class=\"ticker-content\">\n            <a href=\"https:\/\/misspiruqueta.com\/index.php\/2024\/09\/23\/restaurante-enrique-en-lalbir\/\" class=\"ticker-content-link\">Restaurante Enrique en L&#8217;Albir<\/a>\n        <\/div>\n    <\/div><div class=\"swiper-slide\">\n        <div class=\"ticker-content\">\n            <a href=\"https:\/\/misspiruqueta.com\/index.php\/2024\/09\/17\/brownie-humedo\/\" class=\"ticker-content-link\">Brownie h\u00famedo<\/a>\n        <\/div>\n    <\/div><\/div>\n\t\t\t\t<\/div> <div class=\"content-ticker-pagination\"><div class=\"swiper-button-next swiper-button-next-a3b1d2b\"><svg class=\"e-font-icon-svg e-fas-angle-right\" viewBox=\"0 0 256 512\" xmlns=\"http:\/\/www.w3.org\/2000\/svg\"><path d=\"M224.3 273l-136 136c-9.4 9.4-24.6 9.4-33.9 0l-22.6-22.6c-9.4-9.4-9.4-24.6 0-33.9l96.4-96.4-96.4-96.4c-9.4-9.4-9.4-24.6 0-33.9L54.3 103c9.4-9.4 24.6-9.4 33.9 0l136 136c9.5 9.4 9.5 24.6.1 34z\"><\/path><\/svg><\/div><div class=\"swiper-button-prev swiper-button-prev-a3b1d2b\"><svg class=\"e-font-icon-svg e-fas-angle-left\" viewBox=\"0 0 256 512\" xmlns=\"http:\/\/www.w3.org\/2000\/svg\"><path d=\"M31.7 239l136-136c9.4-9.4 24.6-9.4 33.9 0l22.6 22.6c9.4 9.4 9.4 24.6 0 33.9L127.9 256l96.4 96.4c9.4 9.4 9.4 24.6 0 33.9L201.7 409c-9.4 9.4-24.6 9.4-33.9 0l-136-136c-9.5-9.4-9.5-24.6-.1-34z\"><\/path><\/svg><\/div><\/div><\/div>\n\t\t<\/div>\t\t\t\t<\/div>\n\t\t\t\t<\/div>\n\t\t\t\t\t<\/div>\n\t\t\t\t<\/div>\n\t\t<div class=\"elementor-element elementor-element-6ec0d69 e-flex e-con-boxed e-con e-parent\" data-id=\"6ec0d69\" data-element_type=\"container\">\n\t\t\t\t\t<div class=\"e-con-inner\">\n\t\t\t\t\t<\/div>\n\t\t\t\t<\/div>\n\t\t\t\t<\/div>\n\t\t","protected":false},"excerpt":{"rendered":"<p>cocina disfrutona miss piruqueta \u00a1Bienvenidos a mi blog de recetas! Aqu\u00ed encontrar\u00e1s una variedad de recetas deliciosas y f\u00e1ciles de hacer que sin duda te encantar\u00e1n. Desde platos principales hasta postres, hay algo para todos los gustos y preferencias. Si buscas nuevas ideas para tus comidas diarias o para impresionar a tus invitados en una &hellip; <\/p>\n","protected":false},"author":1,"featured_media":0,"parent":0,"menu_order":0,"comment_status":"closed","ping_status":"closed","template":"","meta":{"footnotes":""},"class_list":["post-25","page","type-page","status-publish","hentry"],"yoast_head":"<!-- This site is optimized with the Yoast SEO plugin v26.4 - https:\/\/yoast.com\/wordpress\/plugins\/seo\/ -->\n<title>Inicio - Miss Piruqueta<\/title>\n<meta name=\"robots\" content=\"index, follow, max-snippet:-1, max-image-preview:large, max-video-preview:-1\" \/>\n<link rel=\"canonical\" href=\"https:\/\/misspiruqueta.com\/\" \/>\n<meta property=\"og:locale\" content=\"en_US\" \/>\n<meta property=\"og:type\" content=\"article\" \/>\n<meta property=\"og:title\" content=\"Inicio - Miss Piruqueta\" \/>\n<meta property=\"og:description\" content=\"cocina disfrutona miss piruqueta \u00a1Bienvenidos a mi blog de recetas! Aqu\u00ed encontrar\u00e1s una variedad de recetas deliciosas y f\u00e1ciles de hacer que sin duda te encantar\u00e1n. Desde platos principales hasta postres, hay algo para todos los gustos y preferencias. Si buscas nuevas ideas para tus comidas diarias o para impresionar a tus invitados en una &hellip;\" \/>\n<meta property=\"og:url\" content=\"https:\/\/misspiruqueta.com\/\" \/>\n<meta property=\"og:site_name\" content=\"Miss Piruqueta\" \/>\n<meta property=\"article:modified_time\" content=\"2024-01-21T16:23:05+00:00\" \/>\n<meta name=\"twitter:card\" content=\"summary_large_image\" \/>\n<meta name=\"twitter:label1\" content=\"Est. reading time\" \/>\n\t<meta name=\"twitter:data1\" content=\"1 minute\" \/>\n<script type=\"application\/ld+json\" class=\"yoast-schema-graph\">{\"@context\":\"https:\/\/schema.org\",\"@graph\":[{\"@type\":\"WebPage\",\"@id\":\"https:\/\/misspiruqueta.com\/\",\"url\":\"https:\/\/misspiruqueta.com\/\",\"name\":\"Inicio - Miss Piruqueta\",\"isPartOf\":{\"@id\":\"https:\/\/misspiruqueta.com\/#website\"},\"datePublished\":\"2023-10-29T11:26:16+00:00\",\"dateModified\":\"2024-01-21T16:23:05+00:00\",\"breadcrumb\":{\"@id\":\"https:\/\/misspiruqueta.com\/#breadcrumb\"},\"inLanguage\":\"en-US\",\"potentialAction\":[{\"@type\":\"ReadAction\",\"target\":[\"https:\/\/misspiruqueta.com\/\"]}]},{\"@type\":\"BreadcrumbList\",\"@id\":\"https:\/\/misspiruqueta.com\/#breadcrumb\",\"itemListElement\":[{\"@type\":\"ListItem\",\"position\":1,\"name\":\"Home\",\"item\":\"https:\/\/misspiruqueta.com\/\"},{\"@type\":\"ListItem\",\"position\":2,\"name\":\"Inicio\"}]},{\"@type\":\"WebSite\",\"@id\":\"https:\/\/misspiruqueta.com\/#website\",\"url\":\"https:\/\/misspiruqueta.com\/\",\"name\":\"Miss Piruqueta\",\"description\":\"Recetas disfrutonas y gastronom\u00eda del mundo\",\"publisher\":{\"@id\":\"https:\/\/misspiruqueta.com\/#\/schema\/person\/be35d5cb8f510adf405b42aef70bed82\"},\"potentialAction\":[{\"@type\":\"SearchAction\",\"target\":{\"@type\":\"EntryPoint\",\"urlTemplate\":\"https:\/\/misspiruqueta.com\/?s={search_term_string}\"},\"query-input\":{\"@type\":\"PropertyValueSpecification\",\"valueRequired\":true,\"valueName\":\"search_term_string\"}}],\"inLanguage\":\"en-US\"},{\"@type\":[\"Person\",\"Organization\"],\"@id\":\"https:\/\/misspiruqueta.com\/#\/schema\/person\/be35d5cb8f510adf405b42aef70bed82\",\"name\":\"misspiruqueta.com\",\"image\":{\"@type\":\"ImageObject\",\"inLanguage\":\"en-US\",\"@id\":\"https:\/\/misspiruqueta.com\/#\/schema\/person\/image\/\",\"url\":\"https:\/\/misspiruqueta.com\/wp-content\/uploads\/2023\/10\/cropped-misspiruqueta.png\",\"contentUrl\":\"https:\/\/misspiruqueta.com\/wp-content\/uploads\/2023\/10\/cropped-misspiruqueta.png\",\"width\":498,\"height\":498,\"caption\":\"misspiruqueta.com\"},\"logo\":{\"@id\":\"https:\/\/misspiruqueta.com\/#\/schema\/person\/image\/\"},\"sameAs\":[\"http:\/\/misspiruqueta.com\"]}]}<\/script>\n<!-- \/ Yoast SEO plugin. -->","yoast_head_json":{"title":"Inicio - Miss Piruqueta","robots":{"index":"index","follow":"follow","max-snippet":"max-snippet:-1","max-image-preview":"max-image-preview:large","max-video-preview":"max-video-preview:-1"},"canonical":"https:\/\/misspiruqueta.com\/","og_locale":"en_US","og_type":"article","og_title":"Inicio - Miss Piruqueta","og_description":"cocina disfrutona miss piruqueta \u00a1Bienvenidos a mi blog de recetas! Aqu\u00ed encontrar\u00e1s una variedad de recetas deliciosas y f\u00e1ciles de hacer que sin duda te encantar\u00e1n. Desde platos principales hasta postres, hay algo para todos los gustos y preferencias. Si buscas nuevas ideas para tus comidas diarias o para impresionar a tus invitados en una &hellip;","og_url":"https:\/\/misspiruqueta.com\/","og_site_name":"Miss Piruqueta","article_modified_time":"2024-01-21T16:23:05+00:00","twitter_card":"summary_large_image","twitter_misc":{"Est. reading time":"1 minute"},"schema":{"@context":"https:\/\/schema.org","@graph":[{"@type":"WebPage","@id":"https:\/\/misspiruqueta.com\/","url":"https:\/\/misspiruqueta.com\/","name":"Inicio - Miss Piruqueta","isPartOf":{"@id":"https:\/\/misspiruqueta.com\/#website"},"datePublished":"2023-10-29T11:26:16+00:00","dateModified":"2024-01-21T16:23:05+00:00","breadcrumb":{"@id":"https:\/\/misspiruqueta.com\/#breadcrumb"},"inLanguage":"en-US","potentialAction":[{"@type":"ReadAction","target":["https:\/\/misspiruqueta.com\/"]}]},{"@type":"BreadcrumbList","@id":"https:\/\/misspiruqueta.com\/#breadcrumb","itemListElement":[{"@type":"ListItem","position":1,"name":"Home","item":"https:\/\/misspiruqueta.com\/"},{"@type":"ListItem","position":2,"name":"Inicio"}]},{"@type":"WebSite","@id":"https:\/\/misspiruqueta.com\/#website","url":"https:\/\/misspiruqueta.com\/","name":"Miss Piruqueta","description":"Recetas disfrutonas y gastronom\u00eda del mundo","publisher":{"@id":"https:\/\/misspiruqueta.com\/#\/schema\/person\/be35d5cb8f510adf405b42aef70bed82"},"potentialAction":[{"@type":"SearchAction","target":{"@type":"EntryPoint","urlTemplate":"https:\/\/misspiruqueta.com\/?s={search_term_string}"},"query-input":{"@type":"PropertyValueSpecification","valueRequired":true,"valueName":"search_term_string"}}],"inLanguage":"en-US"},{"@type":["Person","Organization"],"@id":"https:\/\/misspiruqueta.com\/#\/schema\/person\/be35d5cb8f510adf405b42aef70bed82","name":"misspiruqueta.com","image":{"@type":"ImageObject","inLanguage":"en-US","@id":"https:\/\/misspiruqueta.com\/#\/schema\/person\/image\/","url":"https:\/\/misspiruqueta.com\/wp-content\/uploads\/2023\/10\/cropped-misspiruqueta.png","contentUrl":"https:\/\/misspiruqueta.com\/wp-content\/uploads\/2023\/10\/cropped-misspiruqueta.png","width":498,"height":498,"caption":"misspiruqueta.com"},"logo":{"@id":"https:\/\/misspiruqueta.com\/#\/schema\/person\/image\/"},"sameAs":["http:\/\/misspiruqueta.com"]}]}},"_links":{"self":[{"href":"https:\/\/misspiruqueta.com\/index.php\/wp-json\/wp\/v2\/pages\/25","targetHints":{"allow":["GET"]}}],"collection":[{"href":"https:\/\/misspiruqueta.com\/index.php\/wp-json\/wp\/v2\/pages"}],"about":[{"href":"https:\/\/misspiruqueta.com\/index.php\/wp-json\/wp\/v2\/types\/page"}],"author":[{"embeddable":true,"href":"https:\/\/misspiruqueta.com\/index.php\/wp-json\/wp\/v2\/users\/1"}],"replies":[{"embeddable":true,"href":"https:\/\/misspiruqueta.com\/index.php\/wp-json\/wp\/v2\/comments?post=25"}],"version-history":[{"count":22,"href":"https:\/\/misspiruqueta.com\/index.php\/wp-json\/wp\/v2\/pages\/25\/revisions"}],"predecessor-version":[{"id":108,"href":"https:\/\/misspiruqueta.com\/index.php\/wp-json\/wp\/v2\/pages\/25\/revisions\/108"}],"wp:attachment":[{"href":"https:\/\/misspiruqueta.com\/index.php\/wp-json\/wp\/v2\/media?parent=25"}],"curies":[{"name":"wp","href":"https:\/\/api.w.org\/{rel}","templated":true}]}}