{"id":14,"date":"2023-10-29T12:25:52","date_gmt":"2023-10-29T11:25:52","guid":{"rendered":"http:\/\/misspiruqueta.com\/index.php\/about\/"},"modified":"2024-06-12T12:36:32","modified_gmt":"2024-06-12T10:36:32","slug":"about","status":"publish","type":"page","link":"https:\/\/misspiruqueta.com\/index.php\/about\/","title":{"rendered":"Sobre m\u00ed"},"content":{"rendered":"\t\t<div data-elementor-type=\"wp-page\" data-elementor-id=\"14\" class=\"elementor elementor-14\">\n\t\t\t\t<div class=\"elementor-element elementor-element-78c74dbf e-flex e-con-boxed e-con e-parent\" data-id=\"78c74dbf\" data-element_type=\"container\">\n\t\t\t\t\t<div class=\"e-con-inner\">\n\t\t\t\t<div class=\"elementor-element elementor-element-5ba299b6 elementor-widget elementor-widget-text-editor\" data-id=\"5ba299b6\" data-element_type=\"widget\" data-widget_type=\"text-editor.default\">\n\t\t\t\t<div class=\"elementor-widget-container\">\n\t\t\t\t\t\t\t\t\t\t\t\t\t\t\t\t\t<\/div>\n\t\t\t\t<\/div>\n\t\t\t\t\t<\/div>\n\t\t\t\t<\/div>\n\t\t<div class=\"elementor-element elementor-element-94d8968 e-flex e-con-boxed e-con e-parent\" data-id=\"94d8968\" data-element_type=\"container\">\n\t\t\t\t\t<div class=\"e-con-inner\">\n\t\t\t\t<div class=\"elementor-element elementor-element-e0f581f elementor-widget elementor-widget-text-editor\" data-id=\"e0f581f\" data-element_type=\"widget\" data-widget_type=\"text-editor.default\">\n\t\t\t\t<div class=\"elementor-widget-container\">\n\t\t\t\t\t\t\t\t\t<p>\u00a0<\/p>\n<p>\u00a1Hola! Soy Marina, una apasionada de la gastronom\u00eda y la reposter\u00eda. Tengo 31 a\u00f1os y, aunque nac\u00ed en Alicante, actualmente vivo en el encantador pueblo de Albir. Mi viaje ha sido tan variado como mis intereses: estudi\u00e9 Medicina,\u00a0 pero mi verdadera pasi\u00f3n siempre ha sido la cocina.<\/p>\n<p>Para m\u00ed, la cocina es m\u00e1s que una simple actividad; es mi refugio y una fuente inagotable de relajaci\u00f3n y desconexi\u00f3n. Cuando estoy en la cocina, el mundo exterior desaparece y puedo perderme en la creaci\u00f3n de deliciosas recetas, especialmente en el dulce arte de la reposter\u00eda.<\/p>\n<p>En este blog, comparto mis recetas favoritas, desde postres tentadores hasta platos salados que sorprenden. Adem\u00e1s, te llevar\u00e9 a descubrir los mejores rincones gastron\u00f3micos de L&#8217; Albir y Alicante, recomendando restaurantes que destacan por su calidad y creatividad.<\/p>\n<p>Tambi\u00e9n encontrar\u00e1s art\u00edculos con datos interesantes sobre el mundo de la gastronom\u00eda, porque creo que conocer el origen y la historia de los alimentos enriquece nuestra experiencia culinaria.<\/p>\n<p>Espero que disfrutes de este espacio tanto como yo disfruto cre\u00e1ndolo. \u00a1Bienvenido\/a y buen provecho!<\/p>\n<p>Marina \ud83d\udc96\u200b<\/p>\n<p>\u00a0<\/p>\t\t\t\t\t\t\t\t<\/div>\n\t\t\t\t<\/div>\n\t\t\t\t\t<\/div>\n\t\t\t\t<\/div>\n\t\t<div class=\"elementor-element elementor-element-70c4f70 e-flex e-con-boxed e-con e-parent\" data-id=\"70c4f70\" data-element_type=\"container\">\n\t\t\t\t\t<div class=\"e-con-inner\">\n\t\t\t\t<div class=\"elementor-element elementor-element-f5e291d elementor-shape-rounded elementor-grid-0 e-grid-align-center elementor-widget elementor-widget-social-icons\" data-id=\"f5e291d\" data-element_type=\"widget\" data-widget_type=\"social-icons.default\">\n\t\t\t\t<div class=\"elementor-widget-container\">\n\t\t\t\t\t\t\t<div class=\"elementor-social-icons-wrapper elementor-grid\">\n\t\t\t\t\t\t\t<span class=\"elementor-grid-item\">\n\t\t\t\t\t<a class=\"elementor-icon elementor-social-icon elementor-social-icon-instagram elementor-repeater-item-effe8a9\" href=\"https:\/\/www.instagram.com\/misspiruqueta\/\" target=\"_blank\">\n\t\t\t\t\t\t<span class=\"elementor-screen-only\">Instagram<\/span>\n\t\t\t\t\t\t<svg aria-hidden=\"true\" class=\"e-font-icon-svg e-fab-instagram\" viewBox=\"0 0 448 512\" xmlns=\"http:\/\/www.w3.org\/2000\/svg\"><path d=\"M224.1 141c-63.6 0-114.9 51.3-114.9 114.9s51.3 114.9 114.9 114.9S339 319.5 339 255.9 287.7 141 224.1 141zm0 189.6c-41.1 0-74.7-33.5-74.7-74.7s33.5-74.7 74.7-74.7 74.7 33.5 74.7 74.7-33.6 74.7-74.7 74.7zm146.4-194.3c0 14.9-12 26.8-26.8 26.8-14.9 0-26.8-12-26.8-26.8s12-26.8 26.8-26.8 26.8 12 26.8 26.8zm76.1 27.2c-1.7-35.9-9.9-67.7-36.2-93.9-26.2-26.2-58-34.4-93.9-36.2-37-2.1-147.9-2.1-184.9 0-35.8 1.7-67.6 9.9-93.9 36.1s-34.4 58-36.2 93.9c-2.1 37-2.1 147.9 0 184.9 1.7 35.9 9.9 67.7 36.2 93.9s58 34.4 93.9 36.2c37 2.1 147.9 2.1 184.9 0 35.9-1.7 67.7-9.9 93.9-36.2 26.2-26.2 34.4-58 36.2-93.9 2.1-37 2.1-147.8 0-184.8zM398.8 388c-7.8 19.6-22.9 34.7-42.6 42.6-29.5 11.7-99.5 9-132.1 9s-102.7 2.6-132.1-9c-19.6-7.8-34.7-22.9-42.6-42.6-11.7-29.5-9-99.5-9-132.1s-2.6-102.7 9-132.1c7.8-19.6 22.9-34.7 42.6-42.6 29.5-11.7 99.5-9 132.1-9s102.7-2.6 132.1 9c19.6 7.8 34.7 22.9 42.6 42.6 11.7 29.5 9 99.5 9 132.1s2.7 102.7-9 132.1z\"><\/path><\/svg>\t\t\t\t\t<\/a>\n\t\t\t\t<\/span>\n\t\t\t\t\t<\/div>\n\t\t\t\t\t\t<\/div>\n\t\t\t\t<\/div>\n\t\t\t\t\t<\/div>\n\t\t\t\t<\/div>\n\t\t\t\t<\/div>\n\t\t","protected":false},"excerpt":{"rendered":"<p>\u00a0 \u00a1Hola! Soy Marina, una apasionada de la gastronom\u00eda y la reposter\u00eda. Tengo 31 a\u00f1os y, aunque nac\u00ed en Alicante, actualmente vivo en el encantador pueblo de Albir. Mi viaje ha sido tan variado como mis intereses: estudi\u00e9 Medicina,\u00a0 pero mi verdadera pasi\u00f3n siempre ha sido la cocina. Para m\u00ed, la cocina es m\u00e1s que &hellip; <\/p>\n","protected":false},"author":1,"featured_media":0,"parent":0,"menu_order":0,"comment_status":"closed","ping_status":"closed","template":"","meta":{"footnotes":""},"class_list":["post-14","page","type-page","status-publish","hentry"],"yoast_head":"<!-- This site is optimized with the Yoast SEO plugin v26.4 - https:\/\/yoast.com\/wordpress\/plugins\/seo\/ -->\n<title>Sobre m\u00ed - Miss Piruqueta<\/title>\n<meta name=\"robots\" content=\"index, follow, max-snippet:-1, max-image-preview:large, max-video-preview:-1\" \/>\n<link rel=\"canonical\" href=\"https:\/\/misspiruqueta.com\/index.php\/about\/\" \/>\n<meta property=\"og:locale\" content=\"en_US\" \/>\n<meta property=\"og:type\" content=\"article\" \/>\n<meta property=\"og:title\" content=\"Sobre m\u00ed - Miss Piruqueta\" \/>\n<meta property=\"og:description\" content=\"\u00a0 \u00a1Hola! Soy Marina, una apasionada de la gastronom\u00eda y la reposter\u00eda. Tengo 31 a\u00f1os y, aunque nac\u00ed en Alicante, actualmente vivo en el encantador pueblo de Albir. Mi viaje ha sido tan variado como mis intereses: estudi\u00e9 Medicina,\u00a0 pero mi verdadera pasi\u00f3n siempre ha sido la cocina. Para m\u00ed, la cocina es m\u00e1s que &hellip;\" \/>\n<meta property=\"og:url\" content=\"https:\/\/misspiruqueta.com\/index.php\/about\/\" \/>\n<meta property=\"og:site_name\" content=\"Miss Piruqueta\" \/>\n<meta property=\"article:modified_time\" content=\"2024-06-12T10:36:32+00:00\" \/>\n<meta name=\"twitter:card\" content=\"summary_large_image\" \/>\n<meta name=\"twitter:label1\" content=\"Est. reading time\" \/>\n\t<meta name=\"twitter:data1\" content=\"1 minute\" \/>\n<script type=\"application\/ld+json\" class=\"yoast-schema-graph\">{\"@context\":\"https:\/\/schema.org\",\"@graph\":[{\"@type\":\"WebPage\",\"@id\":\"https:\/\/misspiruqueta.com\/index.php\/about\/\",\"url\":\"https:\/\/misspiruqueta.com\/index.php\/about\/\",\"name\":\"Sobre m\u00ed - Miss Piruqueta\",\"isPartOf\":{\"@id\":\"https:\/\/misspiruqueta.com\/#website\"},\"datePublished\":\"2023-10-29T11:25:52+00:00\",\"dateModified\":\"2024-06-12T10:36:32+00:00\",\"breadcrumb\":{\"@id\":\"https:\/\/misspiruqueta.com\/index.php\/about\/#breadcrumb\"},\"inLanguage\":\"en-US\",\"potentialAction\":[{\"@type\":\"ReadAction\",\"target\":[\"https:\/\/misspiruqueta.com\/index.php\/about\/\"]}]},{\"@type\":\"BreadcrumbList\",\"@id\":\"https:\/\/misspiruqueta.com\/index.php\/about\/#breadcrumb\",\"itemListElement\":[{\"@type\":\"ListItem\",\"position\":1,\"name\":\"Home\",\"item\":\"https:\/\/misspiruqueta.com\/\"},{\"@type\":\"ListItem\",\"position\":2,\"name\":\"Sobre m\u00ed\"}]},{\"@type\":\"WebSite\",\"@id\":\"https:\/\/misspiruqueta.com\/#website\",\"url\":\"https:\/\/misspiruqueta.com\/\",\"name\":\"Miss Piruqueta\",\"description\":\"Recetas disfrutonas y gastronom\u00eda del mundo\",\"publisher\":{\"@id\":\"https:\/\/misspiruqueta.com\/#\/schema\/person\/be35d5cb8f510adf405b42aef70bed82\"},\"potentialAction\":[{\"@type\":\"SearchAction\",\"target\":{\"@type\":\"EntryPoint\",\"urlTemplate\":\"https:\/\/misspiruqueta.com\/?s={search_term_string}\"},\"query-input\":{\"@type\":\"PropertyValueSpecification\",\"valueRequired\":true,\"valueName\":\"search_term_string\"}}],\"inLanguage\":\"en-US\"},{\"@type\":[\"Person\",\"Organization\"],\"@id\":\"https:\/\/misspiruqueta.com\/#\/schema\/person\/be35d5cb8f510adf405b42aef70bed82\",\"name\":\"misspiruqueta.com\",\"image\":{\"@type\":\"ImageObject\",\"inLanguage\":\"en-US\",\"@id\":\"https:\/\/misspiruqueta.com\/#\/schema\/person\/image\/\",\"url\":\"https:\/\/misspiruqueta.com\/wp-content\/uploads\/2023\/10\/cropped-misspiruqueta.png\",\"contentUrl\":\"https:\/\/misspiruqueta.com\/wp-content\/uploads\/2023\/10\/cropped-misspiruqueta.png\",\"width\":498,\"height\":498,\"caption\":\"misspiruqueta.com\"},\"logo\":{\"@id\":\"https:\/\/misspiruqueta.com\/#\/schema\/person\/image\/\"},\"sameAs\":[\"http:\/\/misspiruqueta.com\"]}]}<\/script>\n<!-- \/ Yoast SEO plugin. -->","yoast_head_json":{"title":"Sobre m\u00ed - Miss Piruqueta","robots":{"index":"index","follow":"follow","max-snippet":"max-snippet:-1","max-image-preview":"max-image-preview:large","max-video-preview":"max-video-preview:-1"},"canonical":"https:\/\/misspiruqueta.com\/index.php\/about\/","og_locale":"en_US","og_type":"article","og_title":"Sobre m\u00ed - Miss Piruqueta","og_description":"\u00a0 \u00a1Hola! Soy Marina, una apasionada de la gastronom\u00eda y la reposter\u00eda. Tengo 31 a\u00f1os y, aunque nac\u00ed en Alicante, actualmente vivo en el encantador pueblo de Albir. Mi viaje ha sido tan variado como mis intereses: estudi\u00e9 Medicina,\u00a0 pero mi verdadera pasi\u00f3n siempre ha sido la cocina. Para m\u00ed, la cocina es m\u00e1s que &hellip;","og_url":"https:\/\/misspiruqueta.com\/index.php\/about\/","og_site_name":"Miss Piruqueta","article_modified_time":"2024-06-12T10:36:32+00:00","twitter_card":"summary_large_image","twitter_misc":{"Est. reading time":"1 minute"},"schema":{"@context":"https:\/\/schema.org","@graph":[{"@type":"WebPage","@id":"https:\/\/misspiruqueta.com\/index.php\/about\/","url":"https:\/\/misspiruqueta.com\/index.php\/about\/","name":"Sobre m\u00ed - Miss Piruqueta","isPartOf":{"@id":"https:\/\/misspiruqueta.com\/#website"},"datePublished":"2023-10-29T11:25:52+00:00","dateModified":"2024-06-12T10:36:32+00:00","breadcrumb":{"@id":"https:\/\/misspiruqueta.com\/index.php\/about\/#breadcrumb"},"inLanguage":"en-US","potentialAction":[{"@type":"ReadAction","target":["https:\/\/misspiruqueta.com\/index.php\/about\/"]}]},{"@type":"BreadcrumbList","@id":"https:\/\/misspiruqueta.com\/index.php\/about\/#breadcrumb","itemListElement":[{"@type":"ListItem","position":1,"name":"Home","item":"https:\/\/misspiruqueta.com\/"},{"@type":"ListItem","position":2,"name":"Sobre m\u00ed"}]},{"@type":"WebSite","@id":"https:\/\/misspiruqueta.com\/#website","url":"https:\/\/misspiruqueta.com\/","name":"Miss Piruqueta","description":"Recetas disfrutonas y gastronom\u00eda del mundo","publisher":{"@id":"https:\/\/misspiruqueta.com\/#\/schema\/person\/be35d5cb8f510adf405b42aef70bed82"},"potentialAction":[{"@type":"SearchAction","target":{"@type":"EntryPoint","urlTemplate":"https:\/\/misspiruqueta.com\/?s={search_term_string}"},"query-input":{"@type":"PropertyValueSpecification","valueRequired":true,"valueName":"search_term_string"}}],"inLanguage":"en-US"},{"@type":["Person","Organization"],"@id":"https:\/\/misspiruqueta.com\/#\/schema\/person\/be35d5cb8f510adf405b42aef70bed82","name":"misspiruqueta.com","image":{"@type":"ImageObject","inLanguage":"en-US","@id":"https:\/\/misspiruqueta.com\/#\/schema\/person\/image\/","url":"https:\/\/misspiruqueta.com\/wp-content\/uploads\/2023\/10\/cropped-misspiruqueta.png","contentUrl":"https:\/\/misspiruqueta.com\/wp-content\/uploads\/2023\/10\/cropped-misspiruqueta.png","width":498,"height":498,"caption":"misspiruqueta.com"},"logo":{"@id":"https:\/\/misspiruqueta.com\/#\/schema\/person\/image\/"},"sameAs":["http:\/\/misspiruqueta.com"]}]}},"_links":{"self":[{"href":"https:\/\/misspiruqueta.com\/index.php\/wp-json\/wp\/v2\/pages\/14","targetHints":{"allow":["GET"]}}],"collection":[{"href":"https:\/\/misspiruqueta.com\/index.php\/wp-json\/wp\/v2\/pages"}],"about":[{"href":"https:\/\/misspiruqueta.com\/index.php\/wp-json\/wp\/v2\/types\/page"}],"author":[{"embeddable":true,"href":"https:\/\/misspiruqueta.com\/index.php\/wp-json\/wp\/v2\/users\/1"}],"replies":[{"embeddable":true,"href":"https:\/\/misspiruqueta.com\/index.php\/wp-json\/wp\/v2\/comments?post=14"}],"version-history":[{"count":9,"href":"https:\/\/misspiruqueta.com\/index.php\/wp-json\/wp\/v2\/pages\/14\/revisions"}],"predecessor-version":[{"id":154,"href":"https:\/\/misspiruqueta.com\/index.php\/wp-json\/wp\/v2\/pages\/14\/revisions\/154"}],"wp:attachment":[{"href":"https:\/\/misspiruqueta.com\/index.php\/wp-json\/wp\/v2\/media?parent=14"}],"curies":[{"name":"wp","href":"https:\/\/api.w.org\/{rel}","templated":true}]}}